{"id":3411,"date":"2020-12-03T18:09:12","date_gmt":"2020-12-03T17:09:12","guid":{"rendered":"https:\/\/www.keep-on-moving.de\/wordpress\/?post_type=product&#038;p=3411"},"modified":"2021-09-06T09:34:53","modified_gmt":"2021-09-06T07:34:53","slug":"schulter-und-kopfstand","status":"publish","type":"product","link":"https:\/\/www.keep-on-moving.de\/wordpress\/cds-buecher\/schulter-und-kopfstand\/","title":{"rendered":"Yoga-CD &#8222;Schulter- und Kopfstand\u201c (2 CDs)"},"content":{"rendered":"<div class=\"wpb-content-wrapper\"><p>[vc_row][vc_column][vc_column_text]<\/p>\n<h3>Allgemeine Infos zu meinen CDs:<\/h3>\n<p>[\/vc_column_text][vc_tta_accordion active_section=&#8220;111&#8243; collapsible_all=&#8220;true&#8220;][vc_tta_section title=&#8220;M\u00f6gliche Probleme&#8220; tab_id=&#8220;1604566177718-d6a5feca-c219&#8243;][vc_column_text]<\/p>\n<p>In ganz seltenen F\u00e4llen (2 von 1000) kann es beim Abspielen der CDs zu Problemen kommen. Dass industriell gefertigte CDs solche Fehler aufweisen, hat der Hersteller (das Presswerk) noch nie erlebt und h\u00e4lt es f\u00fcr so gut wie ausgeschlossen.<\/p>\n<p>Probleme k\u00f6nnen entstehen, wenn die CD unsachgem\u00e4\u00df gelagert wurden, z.B. nahe einem Handy.<\/p>\n<p>Eine andere m\u00f6gliche Ursache k\u00f6nnte in der Abspielzeit liegen. Da meine CDs teilweise l\u00e4nger als 74 Minuten sind, k\u00f6nnte es bei ganz alten Ger\u00e4ten manchmal zu Problemen kommen, sei es, dass die CD nicht startet oder auch \u201ehakt\u201c. Um dies herauszufinden, m\u00fcsste man einfach einen anderen Player versuchen, z.B. den Computer.<\/p>\n<p>Falls Sie wirklich nur einen einzigen CD Player haben, und dieser CD Player kann meine CDs nicht lesen, biete ich Ihnen an, die entsprechenden Lektionen jeweils auf eine separate CD zu brennen (also insgesamt vier). Sollten Sie daran kein Interesse haben, erstatte ich das Geld nat\u00fcrlich zur\u00fcck bzw. streiche die Rechnung. .<\/p>\n<p>[\/vc_column_text][\/vc_tta_section][vc_tta_section title=&#8220;Vergleich zu \u201eechtem\u201c Unterricht&#8220; tab_id=&#8220;1604566551830-2ef7d182-89cf&#8220;][vc_column_text]<\/p>\n<p>Bedenken Sie, dass es sich um keine \u201eechten\u201c Yoga oder Feldenkrais Stunden handelt, bei denen der Lehrer augenblicklich auf die Bewegungen eingehen kann, welche der Bewegende tats\u00e4chlich ausf\u00fchrt. In einer \u201eechten\u201c Stunde kann sich der Verlauf und die Zeit jedes Mal der Situation anpassen. Im Gegensatz dazu werden Sie bei der Anleitung durch diese CD die eine oder andere Bewegung viel l\u00e4nger oder ausf\u00fchrlicher ausf\u00fchren wollen, als ich Ihnen daf\u00fcr Zeit oder Anleitung gebe. Wenn Sie dieser eventuelle Zeitmangel dazu anregt, nach dem Ende der Lektion selbst\u00e4ndig die eine oder andere Bewegung zu vertiefen, oder wenn Sie die Lektion deswegen h\u00e4ufiger ausf\u00fchren, dann gewinnt dieser Aspekt sogar eine positive Seite.<\/p>\n<p>Ich m\u00f6chte die Lektionen so nat\u00fcrlich wie m\u00f6glich gestalten, deshalb bem\u00fche ich mich die Anleitungen nicht abzulesen. Stattdessen stelle ich mir eine \u201eechte\u201c Stunde vor, bei der ich spontan Variationen oder Hinweise einflie\u00dfen lasse. Das geht mitunter zu Lasten der Grammatik!<\/p>\n<p>[\/vc_column_text][\/vc_tta_section][vc_tta_section title=&#8220;Feldenkrais Erfahrung notwendig?&#8220; tab_id=&#8220;1604566659568-37b636d8-6721&#8243;][vc_column_text]<\/p>\n<p>Erfahrung mit \u201eechten\u201c Feldenkrais Anleitungen ist nicht zwingend notwendig, aber sehr hilfreich, weil die Feldenkrais Strategie (kleine, langsame Bewegungen, h\u00e4ufig wiederholt) gew\u00f6hnungsbed\u00fcrftig ist. Jemand, der keine oder kaum Erfahrung mit dieser Art der Bewegungen hat, l\u00e4uft beim Benutzen von CDs oder Audio-Dateien Gefahr, die Sachen einfach \u201edurchzuturnen\u201c oder schnell aufzugeben.<\/p>\n<p>Aber ich erhalte auch immer wieder R\u00fcckmeldungen von Personen, die erst mit meinen CDs Feldenkrais kennengelernt haben, und mit Freude und Gewinn weiter betreiben.<\/p>\n<p>[\/vc_column_text][\/vc_tta_section][vc_tta_section title=&#8220;Produktion&#8220; tab_id=&#8220;1604566703061-7b273d37-437e&#8220;][vc_column_text]<\/p>\n<p>Alle Feldenkrais Aufnahmen entstanden im Klangspur-Tonstudio von und mit Dieter Sailer in Sistrans. Auch einige Yoga-CDs entstanden hier. Schneiden und nachbearbeiten \u00fcbernehme ich selbst. Die Feldenkrais-CDs werden in Kleinserien in einem Presswerk erstellt, die Yoga-CDs brenne ich selbst. F\u00fcr Vorbereitung, Aufnahme und Nachbearbeitung muss ich mehrere Monate Vollzeitarbeit investieren!<\/p>\n<p>Sprachaufnahmen besitzen ihre eigenen Herausforderungen. Ich kenne mittlerweile einige Tonstudios und Toningenieure \u2013 die Zusammenarbeit mit Dieter ist mit Abstand die Beste. Die Tiefe und Vielfalt, die ein Feldenkrais-Lehrer in subtilen K\u00f6rperbewegungen wahrnimmt, erkennt Dieter in den T\u00f6nen, Kl\u00e4ngen und jeder Art von Ger\u00e4uschen. So h\u00f6rt er nicht nur Ger\u00e4usche oder Klangfarben, von denen ich noch nicht einmal wusste, dass es sie gibt, er kann diese auch je nach Bedarf ver\u00e4ndern, verst\u00e4rken oder eliminieren. Es ist mir jedes Mal eine gro\u00dfe Freude mit ihm zusammen zu arbeiten, und ich glaube wir lernen immer irgendwie beide etwas dabei.<\/p>\n<p>[\/vc_column_text][\/vc_tta_section][vc_tta_section title=&#8220;Unterschied zwischen Langversion und CD Version der download Angebote&#8220; tab_id=&#8220;1604566824527-d49b7d1f-6bc7&#8243;][vc_column_text]<\/p>\n<p>Die Aufnahmen, die ich im Tonstudio mache, sind fast immer l\u00e4nger als das, was letztlich auf der CD Platz hat. Deswegen k\u00fcrze ich die St\u00fccke f\u00fcr die CDs etwas. Die vollst\u00e4ndige Version (\u201eLangversion\u201c) bieten ich nur als download an.<\/p>\n<p>Bei den allerersten Produktionen hatte ich die Langversionen noch weggeschmissen. Deswegen gibt es diese nicht von allen CDs.<\/p>\n<p>[\/vc_column_text][\/vc_tta_section][\/vc_tta_accordion][\/vc_column][\/vc_row]<\/p>\n<\/div>","protected":false},"excerpt":{"rendered":"<p>Auf Anfrage erhalten Sie diese CD auch als Download um \u20ac 15,-<\/p>\n<hr \/>\n<p>Durch Feldenkrais inspirierte Wegen, um in den Schulter- oder Kopfstand zu kommen und um sicherer, leichter in beiden Stellungen zu verweilen.<\/p>\n<p>CD 1: Entspannung (16:33), Schulterstand-Vorbereitung 1 (feldenkraisinspiriert): Becken heben und abst\u00fctzen, Knie \u00fcber den Schultern (26:03), Schulterstand-Vorbereitung 2 (FK-Lektion): Judorolle (25:35), Schulterstand (8:00)<\/p>\n<p>CD 2: Entspannung (15:34), Kopfstand-Vorbereitung 1 (FK-Lektion): Umfallen lernen (28:05), Kopfstand-Vorbereitung 2 (FK-Lektion): langsamer Aufstieg mit aufgest\u00fctzten H\u00e4nden (28:03); Kopfstand (7:00)<\/p>\n<p>Dauer: ca. 155 min.<\/p>\n","protected":false},"featured_media":4019,"template":"","meta":[],"product_brand":[],"product_cat":[51,104,91],"product_tag":[],"class_list":{"0":"post-3411","1":"product","2":"type-product","3":"status-publish","4":"has-post-thumbnail","6":"product_cat-alle","7":"product_cat-cds","8":"product_cat-yoga","10":"first","11":"instock","12":"shipping-taxable","13":"purchasable","14":"product-type-simple"},"yoast_head":"<!-- This site is optimized with the Yoast SEO plugin v27.4 - https:\/\/yoast.com\/product\/yoast-seo-wordpress\/ -->\n<title>Yoga-CD &quot;Schulter- und Kopfstand\u201c (2 CDs) - Keep on moving<\/title>\n<meta name=\"robots\" content=\"index, follow, max-snippet:-1, max-image-preview:large, max-video-preview:-1\" \/>\n<link rel=\"canonical\" href=\"https:\/\/www.keep-on-moving.de\/wordpress\/cds-buecher\/schulter-und-kopfstand\/\" \/>\n<meta property=\"og:locale\" content=\"de_DE\" \/>\n<meta property=\"og:type\" content=\"article\" \/>\n<meta property=\"og:title\" content=\"Yoga-CD &quot;Schulter- und Kopfstand\u201c (2 CDs) - Keep on moving\" \/>\n<meta property=\"og:description\" content=\"Auf Anfrage erhalten Sie diese CD auch als Download um \u20ac 15,-  Durch Feldenkrais inspirierte Wegen, um in den Schulter- oder Kopfstand zu kommen und um sicherer, leichter in beiden Stellungen zu verweilen. CD 1: Entspannung (16:33), Schulterstand-Vorbereitung 1 (feldenkraisinspiriert): Becken heben und abst\u00fctzen, Knie \u00fcber den Schultern (26:03), Schulterstand-Vorbereitung 2 (FK-Lektion): Judorolle (25:35), Schulterstand (8:00) CD 2: Entspannung (15:34), Kopfstand-Vorbereitung 1 (FK-Lektion): Umfallen lernen (28:05), Kopfstand-Vorbereitung 2 (FK-Lektion): langsamer Aufstieg mit aufgest\u00fctzten H\u00e4nden (28:03); Kopfstand (7:00) Dauer: ca. 155 min.\" \/>\n<meta property=\"og:url\" content=\"https:\/\/www.keep-on-moving.de\/wordpress\/cds-buecher\/schulter-und-kopfstand\/\" \/>\n<meta property=\"og:site_name\" content=\"Keep on moving\" \/>\n<meta property=\"article:modified_time\" content=\"2021-09-06T07:34:53+00:00\" \/>\n<meta property=\"og:image\" content=\"https:\/\/www.keep-on-moving.de\/wordpress\/wp-content\/uploads\/2021\/09\/Yoga-Feldenkrais-CD-rot-Yoga-Woznica_800x800px.jpg\" \/>\n\t<meta property=\"og:image:width\" content=\"800\" \/>\n\t<meta property=\"og:image:height\" content=\"800\" \/>\n\t<meta property=\"og:image:type\" content=\"image\/jpeg\" \/>\n<meta name=\"twitter:card\" content=\"summary_large_image\" \/>\n<meta name=\"twitter:label1\" content=\"Gesch\u00e4tzte Lesezeit\" \/>\n\t<meta name=\"twitter:data1\" content=\"4\u00a0Minuten\" \/>\n<script type=\"application\/ld+json\" class=\"yoast-schema-graph\">{\"@context\":\"https:\\\/\\\/schema.org\",\"@graph\":[{\"@type\":\"WebPage\",\"@id\":\"https:\\\/\\\/www.keep-on-moving.de\\\/wordpress\\\/cds-buecher\\\/schulter-und-kopfstand\\\/\",\"url\":\"https:\\\/\\\/www.keep-on-moving.de\\\/wordpress\\\/cds-buecher\\\/schulter-und-kopfstand\\\/\",\"name\":\"Yoga-CD \\\"Schulter- und Kopfstand\u201c (2 CDs) - Keep on moving\",\"isPartOf\":{\"@id\":\"https:\\\/\\\/www.keep-on-moving.de\\\/wordpress\\\/#website\"},\"primaryImageOfPage\":{\"@id\":\"https:\\\/\\\/www.keep-on-moving.de\\\/wordpress\\\/cds-buecher\\\/schulter-und-kopfstand\\\/#primaryimage\"},\"image\":{\"@id\":\"https:\\\/\\\/www.keep-on-moving.de\\\/wordpress\\\/cds-buecher\\\/schulter-und-kopfstand\\\/#primaryimage\"},\"thumbnailUrl\":\"https:\\\/\\\/www.keep-on-moving.de\\\/wordpress\\\/wp-content\\\/uploads\\\/2021\\\/09\\\/Yoga-Feldenkrais-CD-rot-Yoga-Woznica_800x800px.jpg\",\"datePublished\":\"2020-12-03T17:09:12+00:00\",\"dateModified\":\"2021-09-06T07:34:53+00:00\",\"breadcrumb\":{\"@id\":\"https:\\\/\\\/www.keep-on-moving.de\\\/wordpress\\\/cds-buecher\\\/schulter-und-kopfstand\\\/#breadcrumb\"},\"inLanguage\":\"de\",\"potentialAction\":[{\"@type\":\"ReadAction\",\"target\":[\"https:\\\/\\\/www.keep-on-moving.de\\\/wordpress\\\/cds-buecher\\\/schulter-und-kopfstand\\\/\"]}]},{\"@type\":\"ImageObject\",\"inLanguage\":\"de\",\"@id\":\"https:\\\/\\\/www.keep-on-moving.de\\\/wordpress\\\/cds-buecher\\\/schulter-und-kopfstand\\\/#primaryimage\",\"url\":\"https:\\\/\\\/www.keep-on-moving.de\\\/wordpress\\\/wp-content\\\/uploads\\\/2021\\\/09\\\/Yoga-Feldenkrais-CD-rot-Yoga-Woznica_800x800px.jpg\",\"contentUrl\":\"https:\\\/\\\/www.keep-on-moving.de\\\/wordpress\\\/wp-content\\\/uploads\\\/2021\\\/09\\\/Yoga-Feldenkrais-CD-rot-Yoga-Woznica_800x800px.jpg\",\"width\":800,\"height\":800,\"caption\":\"meditation-yoga CD-cover\"},{\"@type\":\"BreadcrumbList\",\"@id\":\"https:\\\/\\\/www.keep-on-moving.de\\\/wordpress\\\/cds-buecher\\\/schulter-und-kopfstand\\\/#breadcrumb\",\"itemListElement\":[{\"@type\":\"ListItem\",\"position\":1,\"name\":\"Startseite\",\"item\":\"https:\\\/\\\/www.keep-on-moving.de\\\/wordpress\\\/\"},{\"@type\":\"ListItem\",\"position\":2,\"name\":\"Shop\",\"item\":\"https:\\\/\\\/www.keep-on-moving.de\\\/wordpress\\\/yoga-und-feldenkrais-cds\\\/\"},{\"@type\":\"ListItem\",\"position\":3,\"name\":\"Yoga-CD &#8220;Schulter- und Kopfstand\u201c (2 CDs)\"}]},{\"@type\":\"WebSite\",\"@id\":\"https:\\\/\\\/www.keep-on-moving.de\\\/wordpress\\\/#website\",\"url\":\"https:\\\/\\\/www.keep-on-moving.de\\\/wordpress\\\/\",\"name\":\"Keep on moving\",\"description\":\"Yoga, Feldenkrais und Achtsamkeit - Bewegung f\u00fcr den Geist\",\"potentialAction\":[{\"@type\":\"SearchAction\",\"target\":{\"@type\":\"EntryPoint\",\"urlTemplate\":\"https:\\\/\\\/www.keep-on-moving.de\\\/wordpress\\\/?s={search_term_string}\"},\"query-input\":{\"@type\":\"PropertyValueSpecification\",\"valueRequired\":true,\"valueName\":\"search_term_string\"}}],\"inLanguage\":\"de\"}]}<\/script>\n<!-- \/ Yoast SEO plugin. -->","yoast_head_json":{"title":"Yoga-CD \"Schulter- und Kopfstand\u201c (2 CDs) - Keep on moving","robots":{"index":"index","follow":"follow","max-snippet":"max-snippet:-1","max-image-preview":"max-image-preview:large","max-video-preview":"max-video-preview:-1"},"canonical":"https:\/\/www.keep-on-moving.de\/wordpress\/cds-buecher\/schulter-und-kopfstand\/","og_locale":"de_DE","og_type":"article","og_title":"Yoga-CD \"Schulter- und Kopfstand\u201c (2 CDs) - Keep on moving","og_description":"Auf Anfrage erhalten Sie diese CD auch als Download um \u20ac 15,-  Durch Feldenkrais inspirierte Wegen, um in den Schulter- oder Kopfstand zu kommen und um sicherer, leichter in beiden Stellungen zu verweilen. CD 1: Entspannung (16:33), Schulterstand-Vorbereitung 1 (feldenkraisinspiriert): Becken heben und abst\u00fctzen, Knie \u00fcber den Schultern (26:03), Schulterstand-Vorbereitung 2 (FK-Lektion): Judorolle (25:35), Schulterstand (8:00) CD 2: Entspannung (15:34), Kopfstand-Vorbereitung 1 (FK-Lektion): Umfallen lernen (28:05), Kopfstand-Vorbereitung 2 (FK-Lektion): langsamer Aufstieg mit aufgest\u00fctzten H\u00e4nden (28:03); Kopfstand (7:00) Dauer: ca. 155 min.","og_url":"https:\/\/www.keep-on-moving.de\/wordpress\/cds-buecher\/schulter-und-kopfstand\/","og_site_name":"Keep on moving","article_modified_time":"2021-09-06T07:34:53+00:00","og_image":[{"width":800,"height":800,"url":"https:\/\/www.keep-on-moving.de\/wordpress\/wp-content\/uploads\/2021\/09\/Yoga-Feldenkrais-CD-rot-Yoga-Woznica_800x800px.jpg","type":"image\/jpeg"}],"twitter_card":"summary_large_image","twitter_misc":{"Gesch\u00e4tzte Lesezeit":"4\u00a0Minuten"},"schema":{"@context":"https:\/\/schema.org","@graph":[{"@type":"WebPage","@id":"https:\/\/www.keep-on-moving.de\/wordpress\/cds-buecher\/schulter-und-kopfstand\/","url":"https:\/\/www.keep-on-moving.de\/wordpress\/cds-buecher\/schulter-und-kopfstand\/","name":"Yoga-CD \"Schulter- und Kopfstand\u201c (2 CDs) - Keep on moving","isPartOf":{"@id":"https:\/\/www.keep-on-moving.de\/wordpress\/#website"},"primaryImageOfPage":{"@id":"https:\/\/www.keep-on-moving.de\/wordpress\/cds-buecher\/schulter-und-kopfstand\/#primaryimage"},"image":{"@id":"https:\/\/www.keep-on-moving.de\/wordpress\/cds-buecher\/schulter-und-kopfstand\/#primaryimage"},"thumbnailUrl":"https:\/\/www.keep-on-moving.de\/wordpress\/wp-content\/uploads\/2021\/09\/Yoga-Feldenkrais-CD-rot-Yoga-Woznica_800x800px.jpg","datePublished":"2020-12-03T17:09:12+00:00","dateModified":"2021-09-06T07:34:53+00:00","breadcrumb":{"@id":"https:\/\/www.keep-on-moving.de\/wordpress\/cds-buecher\/schulter-und-kopfstand\/#breadcrumb"},"inLanguage":"de","potentialAction":[{"@type":"ReadAction","target":["https:\/\/www.keep-on-moving.de\/wordpress\/cds-buecher\/schulter-und-kopfstand\/"]}]},{"@type":"ImageObject","inLanguage":"de","@id":"https:\/\/www.keep-on-moving.de\/wordpress\/cds-buecher\/schulter-und-kopfstand\/#primaryimage","url":"https:\/\/www.keep-on-moving.de\/wordpress\/wp-content\/uploads\/2021\/09\/Yoga-Feldenkrais-CD-rot-Yoga-Woznica_800x800px.jpg","contentUrl":"https:\/\/www.keep-on-moving.de\/wordpress\/wp-content\/uploads\/2021\/09\/Yoga-Feldenkrais-CD-rot-Yoga-Woznica_800x800px.jpg","width":800,"height":800,"caption":"meditation-yoga CD-cover"},{"@type":"BreadcrumbList","@id":"https:\/\/www.keep-on-moving.de\/wordpress\/cds-buecher\/schulter-und-kopfstand\/#breadcrumb","itemListElement":[{"@type":"ListItem","position":1,"name":"Startseite","item":"https:\/\/www.keep-on-moving.de\/wordpress\/"},{"@type":"ListItem","position":2,"name":"Shop","item":"https:\/\/www.keep-on-moving.de\/wordpress\/yoga-und-feldenkrais-cds\/"},{"@type":"ListItem","position":3,"name":"Yoga-CD &#8220;Schulter- und Kopfstand\u201c (2 CDs)"}]},{"@type":"WebSite","@id":"https:\/\/www.keep-on-moving.de\/wordpress\/#website","url":"https:\/\/www.keep-on-moving.de\/wordpress\/","name":"Keep on moving","description":"Yoga, Feldenkrais und Achtsamkeit - Bewegung f\u00fcr den Geist","potentialAction":[{"@type":"SearchAction","target":{"@type":"EntryPoint","urlTemplate":"https:\/\/www.keep-on-moving.de\/wordpress\/?s={search_term_string}"},"query-input":{"@type":"PropertyValueSpecification","valueRequired":true,"valueName":"search_term_string"}}],"inLanguage":"de"}]}},"_links":{"self":[{"href":"https:\/\/www.keep-on-moving.de\/wordpress\/wp-json\/wp\/v2\/product\/3411","targetHints":{"allow":["GET"]}}],"collection":[{"href":"https:\/\/www.keep-on-moving.de\/wordpress\/wp-json\/wp\/v2\/product"}],"about":[{"href":"https:\/\/www.keep-on-moving.de\/wordpress\/wp-json\/wp\/v2\/types\/product"}],"wp:featuredmedia":[{"embeddable":true,"href":"https:\/\/www.keep-on-moving.de\/wordpress\/wp-json\/wp\/v2\/media\/4019"}],"wp:attachment":[{"href":"https:\/\/www.keep-on-moving.de\/wordpress\/wp-json\/wp\/v2\/media?parent=3411"}],"wp:term":[{"taxonomy":"product_brand","embeddable":true,"href":"https:\/\/www.keep-on-moving.de\/wordpress\/wp-json\/wp\/v2\/product_brand?post=3411"},{"taxonomy":"product_cat","embeddable":true,"href":"https:\/\/www.keep-on-moving.de\/wordpress\/wp-json\/wp\/v2\/product_cat?post=3411"},{"taxonomy":"product_tag","embeddable":true,"href":"https:\/\/www.keep-on-moving.de\/wordpress\/wp-json\/wp\/v2\/product_tag?post=3411"}],"curies":[{"name":"wp","href":"https:\/\/api.w.org\/{rel}","templated":true}]}}