{"id":1338,"date":"2020-08-16T22:09:32","date_gmt":"2020-08-16T20:09:32","guid":{"rendered":"https:\/\/www.keep-on-moving.de\/wordpress\/versandarten\/"},"modified":"2021-02-08T14:21:43","modified_gmt":"2021-02-08T13:21:43","slug":"versandarten","status":"publish","type":"page","link":"https:\/\/www.keep-on-moving.de\/wordpress\/versandarten\/","title":{"rendered":"Versandarten und -kosten"},"content":{"rendered":"<div class=\"wpb-content-wrapper\"><p>[vc_row css=&#8220;.vc_custom_1511178027038{margin-bottom: 0px !important;}&#8220;][vc_column width=&#8220;1\/3&#8243;]<div class=\"gem-textbox \"  ><div class=\"gem-textbox-inner\" style=\"\"><div class=\"gem-textbox-content\" style=\"background-color: #f2f8fc;background-position: center top;\"><div class=\"clearboth\"><\/div><style>#thegem-divider-69eb563935722 {margin-top: 30px !important;}<\/style><div id=\"thegem-divider-69eb563935722\" class=\"gem-divider  \" style=\"\" ><\/div>[vc_column_text]<\/p>\n<div class=\"title-h1\" style=\"text-align: center; line-height: 45px;\"><span style=\"color: #fbba00; font-size: 28pt;\">CD- und Buch\u00adversand<\/span><\/div>\n<p>[\/vc_column_text]<div class=\"clearboth\"><\/div><style>#thegem-divider-69eb563935753 {margin-top: 10px !important;}<\/style><div id=\"thegem-divider-69eb563935753\" class=\"gem-divider  \" style=\"\" ><\/div><\/div><\/div><\/div>[\/vc_column][vc_column width=&#8220;2\/3&#8243;][vc_column_text]<\/p>\n<p>Bestellungen aus \u00d6sterreich werden meist noch am selben Tag verschickt und sind i.d.R. zwei Tage sp\u00e4ter bei Ihnen.<\/p>\n<p>Bitte beachten Sie, dass ich Lieferungen ins Ausland (also auch nach Deutschland, aber auch die Schweiz) AM WOCHENENDE VON DEUTSCHLAND AUS versende!<br \/>\nAuf diesem, wie auch auf dem normalen Weg, ist die Post zwischen 5 bis 7 Tage unterwegs, es hat aber auch schon 14 Tage gedauert.<\/p>\n<p>Warum tue ich das? Das liegt an den \u00f6sterreichischen Posttarifen f\u00fcr Auslandslieferungen. Also gebe ich die Lieferungen in Deutschland auf, was einen erheblichen Aufwand bedeutet, den ich oder ein Kurier einmal pro Woche betreiben. F\u00fcr die Auslieferung bedeutet das eine \u201eblockweise\u201c Abfertigung. Je nach dem kann es sein, dass der Kunde seine CD sehr viel schneller erh\u00e4lt als bei einer normalen Lieferung mit der \u00f6sterreichischen Post. Ung\u00fcnstigstenfalls dauert die Lieferung auf diesem improvisierten Weg so lang, wie eine normale Lieferung von \u00d6sterreich nach Deutschland \u2013 selten wirklich l\u00e4nger!<\/p>\n<p>F\u00fcr diese vielleicht etwas seltsame Regelung bitte ich Sie um Verst\u00e4ndnis.<\/p>\n<p>[\/vc_column_text][vc_empty_space height=&#8220;50px&#8220;][vc_column_text]<\/p>\n<p>F\u00fcr die CDs und Downloads gelten folgende Preise (in Euro):<\/p>\n<table style=\"border-collapse: collapse; width: 100%; height: 302px;\">\n<tbody>\n<tr style=\"height: 25px;\">\n<td style=\"width: 25%; height: 25px; text-align: center;\">Versand<\/td>\n<td style=\"width: 25%; height: 25px; text-align: center;\">\u00a0<\/td>\n<td style=\"width: 25%; height: 25px; text-align: center;\">\u00a0<\/td>\n<td style=\"width: 25%; height: 25px; text-align: center;\">Rabatt je CD<\/td>\n<\/tr>\n<tr style=\"height: 25px;\">\n<td style=\"width: 25%; height: 25px; text-align: center;\">\u00a0<\/td>\n<td style=\"width: 25%; height: 25px; text-align: center;\">(D, A, CH)<\/td>\n<td style=\"width: 25%; height: 25px; text-align: center;\">(au\u00dferhalb DACH)<\/td>\n<td style=\"width: 25%; height: 25px; text-align: center;\">\u00a0<\/td>\n<\/tr>\n<tr>\n<td style=\"width: 25%; text-align: center;\" width=\"73\">1 CD<\/td>\n<td style=\"width: 25%; height: 42px; text-align: center;\" width=\"64\">2,-<\/td>\n<td style=\"width: 25%; height: 42px; text-align: center;\">auf Anfrage m\u00f6glich<\/td>\n<td style=\"width: 25%; height: 42px; text-align: center;\">\u00a0<\/td>\n<\/tr>\n<tr>\n<td style=\"width: 25%; text-align: center;\" width=\"73\">2 CDs<\/td>\n<td style=\"width: 25%; height: 42px; text-align: center;\" width=\"64\">0,-<\/td>\n<td style=\"width: 25%; height: 42px; text-align: center;\">\u00a0<\/td>\n<td style=\"width: 25%; height: 42px; text-align: center;\">\u00a0<\/td>\n<\/tr>\n<tr>\n<td style=\"width: 25%; text-align: center;\" width=\"73\">3 CDs<\/td>\n<td style=\"width: 25%; height: 42px; text-align: center;\" width=\"64\">0,-<\/td>\n<td style=\"width: 25%; height: 42px; text-align: center;\">\u00a0<\/td>\n<td style=\"width: 25%; text-align: center;\" width=\"63\">-1,-<\/td>\n<\/tr>\n<tr>\n<td style=\"width: 25%; text-align: center;\" width=\"73\">4 CDs<\/td>\n<td style=\"width: 25%; height: 42px; text-align: center;\" width=\"64\">0,-<\/td>\n<td style=\"width: 25%; height: 42px; text-align: center;\">\u00a0<\/td>\n<td style=\"width: 25%; text-align: center;\" width=\"63\">-2,-<\/td>\n<\/tr>\n<tr>\n<td style=\"width: 25%; text-align: center;\" width=\"73\">5-8 CDs<\/td>\n<td style=\"width: 25%; height: 42px; text-align: center;\" width=\"64\">0,-<\/td>\n<td style=\"width: 25%; height: 42px; text-align: center;\">\u00a0<\/td>\n<td style=\"width: 25%; text-align: center;\" width=\"63\">-3,-<\/td>\n<\/tr>\n<tr>\n<td style=\"width: 25%; text-align: center;\" width=\"73\">ab 9 CDs<\/td>\n<td style=\"width: 25%; height: 42px; text-align: center;\" width=\"64\">0,-<\/td>\n<td style=\"width: 25%; height: 42px; text-align: center;\">\u00a0<\/td>\n<td style=\"width: 25%; text-align: center;\" width=\"63\">-4,-<\/td>\n<\/tr>\n<\/tbody>\n<\/table>\n<p>[\/vc_column_text][vc_empty_space height=&#8220;50px&#8220;][vc_column_text]<\/p>\n<p>F\u00fcr B\u00fccher gelten folgende Preise (in Euro):<\/p>\n<table style=\"border-collapse: collapse; width: 100%;\">\n<tbody>\n<tr>\n<td style=\"width: 33.3333%; text-align: center;\">Versand<\/td>\n<td style=\"width: 33.3333%; text-align: center;\">\u00a0<\/td>\n<td style=\"width: 33.3333%; text-align: center;\">\u00a0<\/td>\n<\/tr>\n<tr>\n<td style=\"width: 33.3333%; text-align: center;\">\u00a0<\/td>\n<td style=\"width: 33.3333%; text-align: center;\">(D, A, CH)<\/td>\n<td style=\"width: 33.3333%; text-align: center;\">(au\u00dferhalb DACH)<\/td>\n<\/tr>\n<tr>\n<td style=\"width: 33.3333%; text-align: center;\">1 Buch<\/td>\n<td style=\"width: 33.3333%; text-align: center;\">2,-<\/td>\n<td style=\"width: 33.3333%; text-align: center;\">auf Anfrage m\u00f6glich<\/td>\n<\/tr>\n<tr>\n<td style=\"width: 33.3333%; text-align: center;\">ab 2 B\u00fccher<\/td>\n<td style=\"width: 33.3333%; text-align: center;\">0,-<\/td>\n<td style=\"width: 33.3333%; text-align: center;\">\u00a0<\/td>\n<\/tr>\n<\/tbody>\n<\/table>\n<p>[\/vc_column_text][vc_empty_space height=&#8220;50px&#8220;][vc_column_text]<\/p>\n<p>Sollten Sie bereits fr\u00fcher einmal CDs von mir erworben haben, schreiben Sie mir bitte die Rechnungsnummer, und ich werde ihre \u00e4lteren Bestellungen dann beim Preis ber\u00fccksichtigen.<\/p>\n<p>[\/vc_column_text][\/vc_column][\/vc_row]<\/p>\n<\/div>","protected":false},"excerpt":{"rendered":"<p>[vc_row css=&#8220;.vc_custom_1511178027038{margin-bottom: 0px !important;}&#8220;][vc_column width=&#8220;1\/3&#8243;][\/vc_column][vc_column width=&#8220;2\/3&#8243;][vc_column_text] Bestellungen aus \u00d6sterreich werden meist noch am selben Tag verschickt und sind i.d.R. zwei&#8230;<\/p>\n","protected":false},"author":1,"featured_media":0,"parent":0,"menu_order":0,"comment_status":"closed","ping_status":"closed","template":"","meta":{"footnotes":""},"class_list":["post-1338","page","type-page","status-publish"],"yoast_head":"<!-- This site is optimized with the Yoast SEO plugin v27.4 - https:\/\/yoast.com\/product\/yoast-seo-wordpress\/ -->\n<title>Versandarten und -kosten - Keep on moving<\/title>\n<meta name=\"robots\" content=\"index, follow, max-snippet:-1, max-image-preview:large, max-video-preview:-1\" \/>\n<link rel=\"canonical\" href=\"https:\/\/www.keep-on-moving.de\/wordpress\/versandarten\/\" \/>\n<meta property=\"og:locale\" content=\"de_DE\" \/>\n<meta property=\"og:type\" content=\"article\" \/>\n<meta property=\"og:title\" content=\"Versandarten und -kosten - Keep on moving\" \/>\n<meta property=\"og:description\" content=\"[vc_row css=&#8220;.vc_custom_1511178027038{margin-bottom: 0px !important;}&#8220;][vc_column width=&#8220;1\/3&#8243;][\/vc_column][vc_column width=&#8220;2\/3&#8243;][vc_column_text] Bestellungen aus \u00d6sterreich werden meist noch am selben Tag verschickt und sind i.d.R. zwei...\" \/>\n<meta property=\"og:url\" content=\"https:\/\/www.keep-on-moving.de\/wordpress\/versandarten\/\" \/>\n<meta property=\"og:site_name\" content=\"Keep on moving\" \/>\n<meta property=\"article:modified_time\" content=\"2021-02-08T13:21:43+00:00\" \/>\n<meta name=\"twitter:card\" content=\"summary_large_image\" \/>\n<meta name=\"twitter:label1\" content=\"Gesch\u00e4tzte Lesezeit\" \/>\n\t<meta name=\"twitter:data1\" content=\"2\u00a0Minuten\" \/>\n<script type=\"application\/ld+json\" class=\"yoast-schema-graph\">{\"@context\":\"https:\\\/\\\/schema.org\",\"@graph\":[{\"@type\":\"WebPage\",\"@id\":\"https:\\\/\\\/www.keep-on-moving.de\\\/wordpress\\\/versandarten\\\/\",\"url\":\"https:\\\/\\\/www.keep-on-moving.de\\\/wordpress\\\/versandarten\\\/\",\"name\":\"Versandarten und -kosten - Keep on moving\",\"isPartOf\":{\"@id\":\"https:\\\/\\\/www.keep-on-moving.de\\\/wordpress\\\/#website\"},\"datePublished\":\"2020-08-16T20:09:32+00:00\",\"dateModified\":\"2021-02-08T13:21:43+00:00\",\"breadcrumb\":{\"@id\":\"https:\\\/\\\/www.keep-on-moving.de\\\/wordpress\\\/versandarten\\\/#breadcrumb\"},\"inLanguage\":\"de\",\"potentialAction\":[{\"@type\":\"ReadAction\",\"target\":[\"https:\\\/\\\/www.keep-on-moving.de\\\/wordpress\\\/versandarten\\\/\"]}]},{\"@type\":\"BreadcrumbList\",\"@id\":\"https:\\\/\\\/www.keep-on-moving.de\\\/wordpress\\\/versandarten\\\/#breadcrumb\",\"itemListElement\":[{\"@type\":\"ListItem\",\"position\":1,\"name\":\"Startseite\",\"item\":\"https:\\\/\\\/www.keep-on-moving.de\\\/wordpress\\\/\"},{\"@type\":\"ListItem\",\"position\":2,\"name\":\"Versandarten und -kosten\"}]},{\"@type\":\"WebSite\",\"@id\":\"https:\\\/\\\/www.keep-on-moving.de\\\/wordpress\\\/#website\",\"url\":\"https:\\\/\\\/www.keep-on-moving.de\\\/wordpress\\\/\",\"name\":\"Keep on moving\",\"description\":\"Yoga, Feldenkrais und Achtsamkeit - Bewegung f\u00fcr den Geist\",\"potentialAction\":[{\"@type\":\"SearchAction\",\"target\":{\"@type\":\"EntryPoint\",\"urlTemplate\":\"https:\\\/\\\/www.keep-on-moving.de\\\/wordpress\\\/?s={search_term_string}\"},\"query-input\":{\"@type\":\"PropertyValueSpecification\",\"valueRequired\":true,\"valueName\":\"search_term_string\"}}],\"inLanguage\":\"de\"}]}<\/script>\n<!-- \/ Yoast SEO plugin. -->","yoast_head_json":{"title":"Versandarten und -kosten - Keep on moving","robots":{"index":"index","follow":"follow","max-snippet":"max-snippet:-1","max-image-preview":"max-image-preview:large","max-video-preview":"max-video-preview:-1"},"canonical":"https:\/\/www.keep-on-moving.de\/wordpress\/versandarten\/","og_locale":"de_DE","og_type":"article","og_title":"Versandarten und -kosten - Keep on moving","og_description":"[vc_row css=&#8220;.vc_custom_1511178027038{margin-bottom: 0px !important;}&#8220;][vc_column width=&#8220;1\/3&#8243;][\/vc_column][vc_column width=&#8220;2\/3&#8243;][vc_column_text] Bestellungen aus \u00d6sterreich werden meist noch am selben Tag verschickt und sind i.d.R. zwei...","og_url":"https:\/\/www.keep-on-moving.de\/wordpress\/versandarten\/","og_site_name":"Keep on moving","article_modified_time":"2021-02-08T13:21:43+00:00","twitter_card":"summary_large_image","twitter_misc":{"Gesch\u00e4tzte Lesezeit":"2\u00a0Minuten"},"schema":{"@context":"https:\/\/schema.org","@graph":[{"@type":"WebPage","@id":"https:\/\/www.keep-on-moving.de\/wordpress\/versandarten\/","url":"https:\/\/www.keep-on-moving.de\/wordpress\/versandarten\/","name":"Versandarten und -kosten - Keep on moving","isPartOf":{"@id":"https:\/\/www.keep-on-moving.de\/wordpress\/#website"},"datePublished":"2020-08-16T20:09:32+00:00","dateModified":"2021-02-08T13:21:43+00:00","breadcrumb":{"@id":"https:\/\/www.keep-on-moving.de\/wordpress\/versandarten\/#breadcrumb"},"inLanguage":"de","potentialAction":[{"@type":"ReadAction","target":["https:\/\/www.keep-on-moving.de\/wordpress\/versandarten\/"]}]},{"@type":"BreadcrumbList","@id":"https:\/\/www.keep-on-moving.de\/wordpress\/versandarten\/#breadcrumb","itemListElement":[{"@type":"ListItem","position":1,"name":"Startseite","item":"https:\/\/www.keep-on-moving.de\/wordpress\/"},{"@type":"ListItem","position":2,"name":"Versandarten und -kosten"}]},{"@type":"WebSite","@id":"https:\/\/www.keep-on-moving.de\/wordpress\/#website","url":"https:\/\/www.keep-on-moving.de\/wordpress\/","name":"Keep on moving","description":"Yoga, Feldenkrais und Achtsamkeit - Bewegung f\u00fcr den Geist","potentialAction":[{"@type":"SearchAction","target":{"@type":"EntryPoint","urlTemplate":"https:\/\/www.keep-on-moving.de\/wordpress\/?s={search_term_string}"},"query-input":{"@type":"PropertyValueSpecification","valueRequired":true,"valueName":"search_term_string"}}],"inLanguage":"de"}]}},"_links":{"self":[{"href":"https:\/\/www.keep-on-moving.de\/wordpress\/wp-json\/wp\/v2\/pages\/1338","targetHints":{"allow":["GET"]}}],"collection":[{"href":"https:\/\/www.keep-on-moving.de\/wordpress\/wp-json\/wp\/v2\/pages"}],"about":[{"href":"https:\/\/www.keep-on-moving.de\/wordpress\/wp-json\/wp\/v2\/types\/page"}],"author":[{"embeddable":true,"href":"https:\/\/www.keep-on-moving.de\/wordpress\/wp-json\/wp\/v2\/users\/1"}],"replies":[{"embeddable":true,"href":"https:\/\/www.keep-on-moving.de\/wordpress\/wp-json\/wp\/v2\/comments?post=1338"}],"version-history":[{"count":6,"href":"https:\/\/www.keep-on-moving.de\/wordpress\/wp-json\/wp\/v2\/pages\/1338\/revisions"}],"predecessor-version":[{"id":3619,"href":"https:\/\/www.keep-on-moving.de\/wordpress\/wp-json\/wp\/v2\/pages\/1338\/revisions\/3619"}],"wp:attachment":[{"href":"https:\/\/www.keep-on-moving.de\/wordpress\/wp-json\/wp\/v2\/media?parent=1338"}],"curies":[{"name":"wp","href":"https:\/\/api.w.org\/{rel}","templated":true}]}}