{"id":1337,"date":"2020-08-16T22:09:32","date_gmt":"2020-08-16T20:09:32","guid":{"rendered":"https:\/\/www.keep-on-moving.de\/wordpress\/widerrufsbelehrung\/"},"modified":"2020-11-17T11:58:58","modified_gmt":"2020-11-17T10:58:58","slug":"widerruf","status":"publish","type":"page","link":"https:\/\/www.keep-on-moving.de\/wordpress\/widerruf\/","title":{"rendered":"Widerruf"},"content":{"rendered":"<div class=\"wpb-content-wrapper\"><p>[vc_row css=&#8220;.vc_custom_1511178027038{margin-bottom: 0px !important;}&#8220;][vc_column width=&#8220;1\/3&#8243;]<div class=\"gem-textbox \"  ><div class=\"gem-textbox-inner\" style=\"\"><div class=\"gem-textbox-content\" style=\"background-color: #f2f8fc;background-position: center top;\"><div class=\"clearboth\"><\/div><style>#thegem-divider-69eb5637a4955 {margin-top: 30px !important;}<\/style><div id=\"thegem-divider-69eb5637a4955\" class=\"gem-divider  \" style=\"\" ><\/div>[vc_column_text]<\/p>\n<div class=\"title-h1\" style=\"text-align: center;\"><span style=\"color: #fbba00; font-size: 28pt;\">Widerruf<\/span><\/div>\n<p>[\/vc_column_text]<div class=\"clearboth\"><\/div><style>#thegem-divider-69eb5637a498b {margin-top: 10px !important;}<\/style><div id=\"thegem-divider-69eb5637a498b\" class=\"gem-divider  \" style=\"\" ><\/div><\/div><\/div><\/div>[\/vc_column][vc_column width=&#8220;2\/3&#8243;][vc_column_text]<\/p>\n<p>Sie haben das Recht, binnen vierzehn Tagen ohne Angabe von Gr\u00fcnden diesen Vertrag zu wiederrufen.<\/p>\n<p>Die Widerrufsfrist betr\u00e4gt vierzehn Tage ab dem Tag, an dem Sie oder ein von Ihnen benannter Dritter, der nicht Bef\u00f6rderer ist, die Waren in Besitz genommen haben bzw. hat.<\/p>\n<p>Um Ihr Widerrufsrecht auszu\u00fcben, m\u00fcssen Sie mir<\/p>\n<p>Martin Woznica<br \/>\nM\u00fchltal 156<br \/>\nA-6083 Ellb\u00f6gen \/ M\u00fchltal<br \/>\nYoga- und Feldenkraislehrer<\/p>\n<p>mittels einer eindeutigen Erkl\u00e4rung (z.B. ein mit der Post versandter Brief oder per E-Mail) \u00fcber Ihren Entschluss, diesen Vertrag zu widerrufen, informieren. Sie k\u00f6nnen daf\u00fcr das beigef\u00fcgte <a style=\"text-decoration: underline;\" href=\"https:\/\/www.keep-on-moving.de\/wordpress\/wp-content\/uploads\/2020\/11\/Widerrufsformular_keep-on-moving.pdf\" target=\"_blank\" rel=\"noopener noreferrer\">Muster-Widerrufsformular (Download)<\/a> verwenden, das jedoch nicht vorgeschrieben ist.<\/p>\n<p>Zur Wahrung der Widerrufsfrist reicht es aus, dass Sie die Mitteilung \u00fcber die Aus\u00fcbung des Widerrufsrechts vor Ablauf der Widerrufsfrist absenden.<\/p>\n<p>Wenn Sie diesen Vertrag widerrufen, haben wir Ihnen alle Zahlungen, die wir von Ihnen erhalten haben, einschlie\u00dflich der Lieferkosten unverz\u00fcglich und sp\u00e4testens binnen vierzehn Tagen ab dem Tag zur\u00fcckzuzahlen, an dem die Mitteilung \u00fcber Ihren Widerruf dieses Vertrags bei uns eingegangen ist. F\u00fcr diese R\u00fcckzahlung verwenden wir dasselbe Zahlungsmittel, das Sie bei der urspr\u00fcnglichen Transaktion eingesetzt haben, es sei den, mit Ihnen wurde ausdr\u00fccklich etwas anderes vereinbart; in keinem Fall werden Ihnen wegen dieser R\u00fcckzahlung Entgelte berechnet.<\/p>\n<p>Im Falle des Widerrufs dieses Vertrags holen wir die Waren selbst zu denselben Kosten ab, die wir als Versandkosten bei Abschluss des Vertrags in Rechnung gestellt haben. Sie m\u00fcssen f\u00fcr einen etwaigen Wertverlust der Waren nur aufkommen, wenn dieser Wertverlust auf einen zur Pr\u00fcfung der Beschaffenheit, Eigenschaften und Funktionsweise der Waren nicht notwendigen Umgang mit Ihnen zur\u00fcckzuf\u00fchren ist.<\/p>\n<p>Wenn Sie die Waren an meinem Standort in 6083 Ellb\u00f6gen \/ M\u00fchltal, M\u00fchltal 156 selbst abgeholt haben und somit von mir keine Versandkosten in Rechnung gestellt wurden, tragen Sie im Falle des Widerrufs die regul\u00e4ren Versandkosten\/R\u00fcckholkosten.<\/p>\n<p>&nbsp;<\/p>\n<p>[\/vc_column_text][\/vc_column][\/vc_row]<\/p>\n<\/div>","protected":false},"excerpt":{"rendered":"<p>[vc_row css=&#8220;.vc_custom_1511178027038{margin-bottom: 0px !important;}&#8220;][vc_column width=&#8220;1\/3&#8243;][\/vc_column][vc_column width=&#8220;2\/3&#8243;][vc_column_text] Sie haben das Recht, binnen vierzehn Tagen ohne Angabe von Gr\u00fcnden diesen Vertrag zu&#8230;<\/p>\n","protected":false},"author":1,"featured_media":0,"parent":0,"menu_order":0,"comment_status":"closed","ping_status":"closed","template":"","meta":{"footnotes":""},"class_list":["post-1337","page","type-page","status-publish"],"yoast_head":"<!-- This site is optimized with the Yoast SEO plugin v27.4 - https:\/\/yoast.com\/product\/yoast-seo-wordpress\/ -->\n<title>Widerruf - Keep on moving<\/title>\n<meta name=\"robots\" content=\"index, follow, max-snippet:-1, max-image-preview:large, max-video-preview:-1\" \/>\n<link rel=\"canonical\" href=\"https:\/\/www.keep-on-moving.de\/wordpress\/widerruf\/\" \/>\n<meta property=\"og:locale\" content=\"de_DE\" \/>\n<meta property=\"og:type\" content=\"article\" \/>\n<meta property=\"og:title\" content=\"Widerruf - Keep on moving\" \/>\n<meta property=\"og:description\" content=\"[vc_row css=&#8220;.vc_custom_1511178027038{margin-bottom: 0px !important;}&#8220;][vc_column width=&#8220;1\/3&#8243;][\/vc_column][vc_column width=&#8220;2\/3&#8243;][vc_column_text] Sie haben das Recht, binnen vierzehn Tagen ohne Angabe von Gr\u00fcnden diesen Vertrag zu...\" \/>\n<meta property=\"og:url\" content=\"https:\/\/www.keep-on-moving.de\/wordpress\/widerruf\/\" \/>\n<meta property=\"og:site_name\" content=\"Keep on moving\" \/>\n<meta property=\"article:modified_time\" content=\"2020-11-17T10:58:58+00:00\" \/>\n<meta name=\"twitter:card\" content=\"summary_large_image\" \/>\n<meta name=\"twitter:label1\" content=\"Gesch\u00e4tzte Lesezeit\" \/>\n\t<meta name=\"twitter:data1\" content=\"2\u00a0Minuten\" \/>\n<script type=\"application\/ld+json\" class=\"yoast-schema-graph\">{\"@context\":\"https:\\\/\\\/schema.org\",\"@graph\":[{\"@type\":\"WebPage\",\"@id\":\"https:\\\/\\\/www.keep-on-moving.de\\\/wordpress\\\/widerruf\\\/\",\"url\":\"https:\\\/\\\/www.keep-on-moving.de\\\/wordpress\\\/widerruf\\\/\",\"name\":\"Widerruf - Keep on moving\",\"isPartOf\":{\"@id\":\"https:\\\/\\\/www.keep-on-moving.de\\\/wordpress\\\/#website\"},\"datePublished\":\"2020-08-16T20:09:32+00:00\",\"dateModified\":\"2020-11-17T10:58:58+00:00\",\"breadcrumb\":{\"@id\":\"https:\\\/\\\/www.keep-on-moving.de\\\/wordpress\\\/widerruf\\\/#breadcrumb\"},\"inLanguage\":\"de\",\"potentialAction\":[{\"@type\":\"ReadAction\",\"target\":[\"https:\\\/\\\/www.keep-on-moving.de\\\/wordpress\\\/widerruf\\\/\"]}]},{\"@type\":\"BreadcrumbList\",\"@id\":\"https:\\\/\\\/www.keep-on-moving.de\\\/wordpress\\\/widerruf\\\/#breadcrumb\",\"itemListElement\":[{\"@type\":\"ListItem\",\"position\":1,\"name\":\"Startseite\",\"item\":\"https:\\\/\\\/www.keep-on-moving.de\\\/wordpress\\\/\"},{\"@type\":\"ListItem\",\"position\":2,\"name\":\"Widerruf\"}]},{\"@type\":\"WebSite\",\"@id\":\"https:\\\/\\\/www.keep-on-moving.de\\\/wordpress\\\/#website\",\"url\":\"https:\\\/\\\/www.keep-on-moving.de\\\/wordpress\\\/\",\"name\":\"Keep on moving\",\"description\":\"Yoga, Feldenkrais und Achtsamkeit - Bewegung f\u00fcr den Geist\",\"potentialAction\":[{\"@type\":\"SearchAction\",\"target\":{\"@type\":\"EntryPoint\",\"urlTemplate\":\"https:\\\/\\\/www.keep-on-moving.de\\\/wordpress\\\/?s={search_term_string}\"},\"query-input\":{\"@type\":\"PropertyValueSpecification\",\"valueRequired\":true,\"valueName\":\"search_term_string\"}}],\"inLanguage\":\"de\"}]}<\/script>\n<!-- \/ Yoast SEO plugin. -->","yoast_head_json":{"title":"Widerruf - Keep on moving","robots":{"index":"index","follow":"follow","max-snippet":"max-snippet:-1","max-image-preview":"max-image-preview:large","max-video-preview":"max-video-preview:-1"},"canonical":"https:\/\/www.keep-on-moving.de\/wordpress\/widerruf\/","og_locale":"de_DE","og_type":"article","og_title":"Widerruf - Keep on moving","og_description":"[vc_row css=&#8220;.vc_custom_1511178027038{margin-bottom: 0px !important;}&#8220;][vc_column width=&#8220;1\/3&#8243;][\/vc_column][vc_column width=&#8220;2\/3&#8243;][vc_column_text] Sie haben das Recht, binnen vierzehn Tagen ohne Angabe von Gr\u00fcnden diesen Vertrag zu...","og_url":"https:\/\/www.keep-on-moving.de\/wordpress\/widerruf\/","og_site_name":"Keep on moving","article_modified_time":"2020-11-17T10:58:58+00:00","twitter_card":"summary_large_image","twitter_misc":{"Gesch\u00e4tzte Lesezeit":"2\u00a0Minuten"},"schema":{"@context":"https:\/\/schema.org","@graph":[{"@type":"WebPage","@id":"https:\/\/www.keep-on-moving.de\/wordpress\/widerruf\/","url":"https:\/\/www.keep-on-moving.de\/wordpress\/widerruf\/","name":"Widerruf - Keep on moving","isPartOf":{"@id":"https:\/\/www.keep-on-moving.de\/wordpress\/#website"},"datePublished":"2020-08-16T20:09:32+00:00","dateModified":"2020-11-17T10:58:58+00:00","breadcrumb":{"@id":"https:\/\/www.keep-on-moving.de\/wordpress\/widerruf\/#breadcrumb"},"inLanguage":"de","potentialAction":[{"@type":"ReadAction","target":["https:\/\/www.keep-on-moving.de\/wordpress\/widerruf\/"]}]},{"@type":"BreadcrumbList","@id":"https:\/\/www.keep-on-moving.de\/wordpress\/widerruf\/#breadcrumb","itemListElement":[{"@type":"ListItem","position":1,"name":"Startseite","item":"https:\/\/www.keep-on-moving.de\/wordpress\/"},{"@type":"ListItem","position":2,"name":"Widerruf"}]},{"@type":"WebSite","@id":"https:\/\/www.keep-on-moving.de\/wordpress\/#website","url":"https:\/\/www.keep-on-moving.de\/wordpress\/","name":"Keep on moving","description":"Yoga, Feldenkrais und Achtsamkeit - Bewegung f\u00fcr den Geist","potentialAction":[{"@type":"SearchAction","target":{"@type":"EntryPoint","urlTemplate":"https:\/\/www.keep-on-moving.de\/wordpress\/?s={search_term_string}"},"query-input":{"@type":"PropertyValueSpecification","valueRequired":true,"valueName":"search_term_string"}}],"inLanguage":"de"}]}},"_links":{"self":[{"href":"https:\/\/www.keep-on-moving.de\/wordpress\/wp-json\/wp\/v2\/pages\/1337","targetHints":{"allow":["GET"]}}],"collection":[{"href":"https:\/\/www.keep-on-moving.de\/wordpress\/wp-json\/wp\/v2\/pages"}],"about":[{"href":"https:\/\/www.keep-on-moving.de\/wordpress\/wp-json\/wp\/v2\/types\/page"}],"author":[{"embeddable":true,"href":"https:\/\/www.keep-on-moving.de\/wordpress\/wp-json\/wp\/v2\/users\/1"}],"replies":[{"embeddable":true,"href":"https:\/\/www.keep-on-moving.de\/wordpress\/wp-json\/wp\/v2\/comments?post=1337"}],"version-history":[{"count":0,"href":"https:\/\/www.keep-on-moving.de\/wordpress\/wp-json\/wp\/v2\/pages\/1337\/revisions"}],"wp:attachment":[{"href":"https:\/\/www.keep-on-moving.de\/wordpress\/wp-json\/wp\/v2\/media?parent=1337"}],"curies":[{"name":"wp","href":"https:\/\/api.w.org\/{rel}","templated":true}]}}