{"id":1335,"date":"2020-08-16T22:09:32","date_gmt":"2020-08-16T20:09:32","guid":{"rendered":"https:\/\/www.keep-on-moving.de\/wordpress\/impressum\/"},"modified":"2020-11-30T14:24:17","modified_gmt":"2020-11-30T13:24:17","slug":"impressum","status":"publish","type":"page","link":"https:\/\/www.keep-on-moving.de\/wordpress\/impressum\/","title":{"rendered":"Impressum"},"content":{"rendered":"<div class=\"wpb-content-wrapper\"><p>[vc_row css=&#8220;.vc_custom_1604838722782{margin-bottom: 0px !important;}&#8220;][vc_column width=&#8220;1\/3&#8243;]<div class=\"gem-textbox \"  ><div class=\"gem-textbox-inner\" style=\"\"><div class=\"gem-textbox-content\" style=\"background-color: #f2f8fc;background-position: center top;\"><div class=\"clearboth\"><\/div><style>#thegem-divider-69eb566411902 {margin-top: 30px !important;}<\/style><div id=\"thegem-divider-69eb566411902\" class=\"gem-divider  \" style=\"\" ><\/div>[vc_column_text]<\/p>\n<div class=\"title-h1\" style=\"text-align: center;\"><span style=\"color: #fbba00; font-size: 28pt;\">Impressum<\/span><\/div>\n<p>[\/vc_column_text]<div class=\"clearboth\"><\/div><style>#thegem-divider-69eb566411939 {margin-top: 10px !important;}<\/style><div id=\"thegem-divider-69eb566411939\" class=\"gem-divider  \" style=\"\" ><\/div><\/div><\/div><\/div>[\/vc_column][vc_column width=&#8220;2\/3&#8243;][vc_column_text]<\/p>\n<p class=\"adsimple-221137083\">Informationspflicht laut \u00a75 E-Commerce Gesetz, \u00a714 Unternehmensgesetzbuch, \u00a763 Gewerbeordnung und Offenlegungspflicht laut \u00a725 Mediengesetz.<\/p>\n<p>Martin Woznica<\/p>\n<p class=\"adsimple-221137083\">M\u00fchltal 156, <br \/>\n6083 Ellb\u00f6gen \/ M\u00fchltal, <br \/>\n\u00d6sterreich<\/p>\n<p class=\"adsimple-221137083\"><strong>Tel.:<\/strong> +43 670 7010095<br \/>\n<strong>E-Mail:<\/strong> <a href=\"mailto:martin@keep-on-moving.de\">martin@keep-on-moving.de<\/a><\/p>\n<p style=\"margin-top: 15px;\">Quelle: Erstellt\u00a0mit dem <a style=\"text-decoration: none;\" title=\"Impressum Generator von firmenwebseiten.at\" href=\"https:\/\/www.firmenwebseiten.at\/impressum-generator\/\" target=\"_blank\" rel=\"follow noopener noreferrer\">Impressum Generator<\/a> von firmenwebseiten.at\u00a0in Kooperation mit <a style=\"text-decoration: none;\" title=\"\" href=\"https:\/\/www.meinhaushalt.at\" target=\"_blank\" rel=\"follow noopener noreferrer\">meinhaushalt.at<\/a><\/p>\n<h2 class=\"adsimple-221137083\">EU-Streitschlichtung<\/h2>\n<p>Gem\u00e4\u00df Verordnung \u00fcber Online-Streitbeilegung in Verbraucherangelegenheiten (ODR-Verordnung) m\u00f6chten wir Sie \u00fcber die Online-Streitbeilegungsplattform (OS-Plattform) informieren.<br \/>\nVerbraucher haben die M\u00f6glichkeit, Beschwerden an die Online Streitbeilegungsplattform der Europ\u00e4ischen Kommission unter <a class=\"adsimple-221137083\" href=\"https:\/\/ec.europa.eu\/consumers\/odr\/main\/index.cfm?event=main.home2.show&amp;lng=DE\" target=\"_blank\" rel=\"nofollow noopener noreferrer\">http:\/\/ec.europa.eu\/odr?tid=221137083<\/a> zu richten. Die daf\u00fcr notwendigen Kontaktdaten finden Sie oberhalb in unserem Impressum.<\/p>\n<p>Wir m\u00f6chten Sie jedoch darauf hinweisen, dass wir nicht bereit oder verpflichtet sind, an Streitbeilegungsverfahren vor einer Verbraucherschlichtungsstelle teilzunehmen.<\/p>\n<h2 class=\"adsimple-221137083\">Haftung f\u00fcr Inhalte dieser Webseite<\/h2>\n<p>Wir entwickeln die Inhalte dieser Webseite st\u00e4ndig weiter und bem\u00fchen uns korrekte und aktuelle Informationen bereitzustellen. Leider k\u00f6nnen wir keine Haftung f\u00fcr die Korrektheit aller Inhalte auf dieser Webseite \u00fcbernehmen, speziell f\u00fcr jene die seitens Dritter bereitgestellt wurden.<\/p>\n<p>Sollten Ihnen problematische oder rechtswidrige Inhalte auffallen, bitten wir Sie uns umgehend zu kontaktieren, Sie finden die Kontaktdaten im Impressum.<\/p>\n<h2 class=\"adsimple-221137083\">Haftung f\u00fcr Links auf dieser Webseite<\/h2>\n<p>Unsere Webseite enth\u00e4lt Links zu anderen Webseiten f\u00fcr deren Inhalt wir nicht verantwortlich sind. Haftung f\u00fcr verlinkte Websites besteht laut <a class=\"adsimple-221137083\" href=\"https:\/\/www.ris.bka.gv.at\/Dokument.wxe?Abfrage=Bundesnormen&amp;Dokumentnummer=NOR40025813&amp;tid=221137083\" target=\"_blank\" rel=\"noopener nofollow noreferrer\">\u00a7 17 ECG<\/a> f\u00fcr uns nicht, da wir keine Kenntnis rechtswidriger T\u00e4tigkeiten hatten und haben, uns solche Rechtswidrigkeiten auch bisher nicht aufgefallen sind und wir Links sofort entfernen w\u00fcrden, wenn uns Rechtswidrigkeiten bekannt werden.<\/p>\n<p>Wenn Ihnen rechtswidrige Links auf unserer Website auffallen, bitten wir Sie uns zu kontaktieren, Sie finden die Kontaktdaten im Impressum.<\/p>\n<p>[\/vc_column_text][\/vc_column][\/vc_row][vc_row disable_element=&#8220;yes&#8220;][vc_column][vc_column_text]<div class=\"woocommerce woocommerce-gzd woocommerce-gzd-complaints-shortcode\">\n\t\t\t<h3>Information gem. \u00a7 19 Abs 3 AStG<\/h3>\n\t\t<p>Alternative Streitbeilegung Gesetz - Online Gesch\u00e4fte<\/p>\n\t\nZur Teilnahme an einem Streitbeilegungsverfahren vor einer Verbraucherschlichtungsstelle sind wir nicht verpflichtet und nicht bereit.<\/div>[\/vc_column_text][\/vc_column][\/vc_row]<\/p>\n<\/div>","protected":false},"excerpt":{"rendered":"<p>[vc_row css=&#8220;.vc_custom_1604838722782{margin-bottom: 0px !important;}&#8220;][vc_column width=&#8220;1\/3&#8243;][\/vc_column][vc_column width=&#8220;2\/3&#8243;][vc_column_text] Informationspflicht laut \u00a75 E-Commerce Gesetz, \u00a714 Unternehmensgesetzbuch, \u00a763 Gewerbeordnung und Offenlegungspflicht laut \u00a725 Mediengesetz&#8230;.<\/p>\n","protected":false},"author":1,"featured_media":0,"parent":0,"menu_order":0,"comment_status":"closed","ping_status":"closed","template":"","meta":{"footnotes":""},"class_list":["post-1335","page","type-page","status-publish"],"yoast_head":"<!-- This site is optimized with the Yoast SEO plugin v27.4 - https:\/\/yoast.com\/product\/yoast-seo-wordpress\/ -->\n<title>Impressum - Keep on moving<\/title>\n<meta name=\"robots\" content=\"index, follow, max-snippet:-1, max-image-preview:large, max-video-preview:-1\" \/>\n<link rel=\"canonical\" href=\"https:\/\/www.keep-on-moving.de\/wordpress\/impressum\/\" \/>\n<meta property=\"og:locale\" content=\"de_DE\" \/>\n<meta property=\"og:type\" content=\"article\" \/>\n<meta property=\"og:title\" content=\"Impressum - Keep on moving\" \/>\n<meta property=\"og:description\" content=\"[vc_row css=&#8220;.vc_custom_1604838722782{margin-bottom: 0px !important;}&#8220;][vc_column width=&#8220;1\/3&#8243;][\/vc_column][vc_column width=&#8220;2\/3&#8243;][vc_column_text] Informationspflicht laut \u00a75 E-Commerce Gesetz, \u00a714 Unternehmensgesetzbuch, \u00a763 Gewerbeordnung und Offenlegungspflicht laut \u00a725 Mediengesetz....\" \/>\n<meta property=\"og:url\" content=\"https:\/\/www.keep-on-moving.de\/wordpress\/impressum\/\" \/>\n<meta property=\"og:site_name\" content=\"Keep on moving\" \/>\n<meta property=\"article:modified_time\" content=\"2020-11-30T13:24:17+00:00\" \/>\n<meta name=\"twitter:card\" content=\"summary_large_image\" \/>\n<meta name=\"twitter:label1\" content=\"Gesch\u00e4tzte Lesezeit\" \/>\n\t<meta name=\"twitter:data1\" content=\"2\u00a0Minuten\" \/>\n<script type=\"application\/ld+json\" class=\"yoast-schema-graph\">{\"@context\":\"https:\\\/\\\/schema.org\",\"@graph\":[{\"@type\":\"WebPage\",\"@id\":\"https:\\\/\\\/www.keep-on-moving.de\\\/wordpress\\\/impressum\\\/\",\"url\":\"https:\\\/\\\/www.keep-on-moving.de\\\/wordpress\\\/impressum\\\/\",\"name\":\"Impressum - Keep on moving\",\"isPartOf\":{\"@id\":\"https:\\\/\\\/www.keep-on-moving.de\\\/wordpress\\\/#website\"},\"datePublished\":\"2020-08-16T20:09:32+00:00\",\"dateModified\":\"2020-11-30T13:24:17+00:00\",\"breadcrumb\":{\"@id\":\"https:\\\/\\\/www.keep-on-moving.de\\\/wordpress\\\/impressum\\\/#breadcrumb\"},\"inLanguage\":\"de\",\"potentialAction\":[{\"@type\":\"ReadAction\",\"target\":[\"https:\\\/\\\/www.keep-on-moving.de\\\/wordpress\\\/impressum\\\/\"]}]},{\"@type\":\"BreadcrumbList\",\"@id\":\"https:\\\/\\\/www.keep-on-moving.de\\\/wordpress\\\/impressum\\\/#breadcrumb\",\"itemListElement\":[{\"@type\":\"ListItem\",\"position\":1,\"name\":\"Startseite\",\"item\":\"https:\\\/\\\/www.keep-on-moving.de\\\/wordpress\\\/\"},{\"@type\":\"ListItem\",\"position\":2,\"name\":\"Impressum\"}]},{\"@type\":\"WebSite\",\"@id\":\"https:\\\/\\\/www.keep-on-moving.de\\\/wordpress\\\/#website\",\"url\":\"https:\\\/\\\/www.keep-on-moving.de\\\/wordpress\\\/\",\"name\":\"Keep on moving\",\"description\":\"Yoga, Feldenkrais und Achtsamkeit - Bewegung f\u00fcr den Geist\",\"potentialAction\":[{\"@type\":\"SearchAction\",\"target\":{\"@type\":\"EntryPoint\",\"urlTemplate\":\"https:\\\/\\\/www.keep-on-moving.de\\\/wordpress\\\/?s={search_term_string}\"},\"query-input\":{\"@type\":\"PropertyValueSpecification\",\"valueRequired\":true,\"valueName\":\"search_term_string\"}}],\"inLanguage\":\"de\"}]}<\/script>\n<!-- \/ Yoast SEO plugin. -->","yoast_head_json":{"title":"Impressum - Keep on moving","robots":{"index":"index","follow":"follow","max-snippet":"max-snippet:-1","max-image-preview":"max-image-preview:large","max-video-preview":"max-video-preview:-1"},"canonical":"https:\/\/www.keep-on-moving.de\/wordpress\/impressum\/","og_locale":"de_DE","og_type":"article","og_title":"Impressum - Keep on moving","og_description":"[vc_row css=&#8220;.vc_custom_1604838722782{margin-bottom: 0px !important;}&#8220;][vc_column width=&#8220;1\/3&#8243;][\/vc_column][vc_column width=&#8220;2\/3&#8243;][vc_column_text] Informationspflicht laut \u00a75 E-Commerce Gesetz, \u00a714 Unternehmensgesetzbuch, \u00a763 Gewerbeordnung und Offenlegungspflicht laut \u00a725 Mediengesetz....","og_url":"https:\/\/www.keep-on-moving.de\/wordpress\/impressum\/","og_site_name":"Keep on moving","article_modified_time":"2020-11-30T13:24:17+00:00","twitter_card":"summary_large_image","twitter_misc":{"Gesch\u00e4tzte Lesezeit":"2\u00a0Minuten"},"schema":{"@context":"https:\/\/schema.org","@graph":[{"@type":"WebPage","@id":"https:\/\/www.keep-on-moving.de\/wordpress\/impressum\/","url":"https:\/\/www.keep-on-moving.de\/wordpress\/impressum\/","name":"Impressum - Keep on moving","isPartOf":{"@id":"https:\/\/www.keep-on-moving.de\/wordpress\/#website"},"datePublished":"2020-08-16T20:09:32+00:00","dateModified":"2020-11-30T13:24:17+00:00","breadcrumb":{"@id":"https:\/\/www.keep-on-moving.de\/wordpress\/impressum\/#breadcrumb"},"inLanguage":"de","potentialAction":[{"@type":"ReadAction","target":["https:\/\/www.keep-on-moving.de\/wordpress\/impressum\/"]}]},{"@type":"BreadcrumbList","@id":"https:\/\/www.keep-on-moving.de\/wordpress\/impressum\/#breadcrumb","itemListElement":[{"@type":"ListItem","position":1,"name":"Startseite","item":"https:\/\/www.keep-on-moving.de\/wordpress\/"},{"@type":"ListItem","position":2,"name":"Impressum"}]},{"@type":"WebSite","@id":"https:\/\/www.keep-on-moving.de\/wordpress\/#website","url":"https:\/\/www.keep-on-moving.de\/wordpress\/","name":"Keep on moving","description":"Yoga, Feldenkrais und Achtsamkeit - Bewegung f\u00fcr den Geist","potentialAction":[{"@type":"SearchAction","target":{"@type":"EntryPoint","urlTemplate":"https:\/\/www.keep-on-moving.de\/wordpress\/?s={search_term_string}"},"query-input":{"@type":"PropertyValueSpecification","valueRequired":true,"valueName":"search_term_string"}}],"inLanguage":"de"}]}},"_links":{"self":[{"href":"https:\/\/www.keep-on-moving.de\/wordpress\/wp-json\/wp\/v2\/pages\/1335","targetHints":{"allow":["GET"]}}],"collection":[{"href":"https:\/\/www.keep-on-moving.de\/wordpress\/wp-json\/wp\/v2\/pages"}],"about":[{"href":"https:\/\/www.keep-on-moving.de\/wordpress\/wp-json\/wp\/v2\/types\/page"}],"author":[{"embeddable":true,"href":"https:\/\/www.keep-on-moving.de\/wordpress\/wp-json\/wp\/v2\/users\/1"}],"replies":[{"embeddable":true,"href":"https:\/\/www.keep-on-moving.de\/wordpress\/wp-json\/wp\/v2\/comments?post=1335"}],"version-history":[{"count":0,"href":"https:\/\/www.keep-on-moving.de\/wordpress\/wp-json\/wp\/v2\/pages\/1335\/revisions"}],"wp:attachment":[{"href":"https:\/\/www.keep-on-moving.de\/wordpress\/wp-json\/wp\/v2\/media?parent=1335"}],"curies":[{"name":"wp","href":"https:\/\/api.w.org\/{rel}","templated":true}]}}